{"id":1160,"date":"2018-12-28T16:58:38","date_gmt":"2018-12-28T15:58:38","guid":{"rendered":"http:\/\/metallbau-eder.com\/?page_id=1160"},"modified":"2025-04-15T20:42:56","modified_gmt":"2025-04-15T19:42:56","slug":"startseite-2","status":"publish","type":"page","link":"https:\/\/metallbau-eder.com\/","title":{"rendered":"Startseite"},"content":{"rendered":"<p>[et_pb_section fb_built=&#8220;1&#8243; fullwidth=&#8220;on&#8220; custom_padding_last_edited=&#8220;on|desktop&#8220; _builder_version=&#8220;3.18.7&#8243; max_width=&#8220;90%&#8220; module_alignment=&#8220;center&#8220; custom_padding_tablet=&#8220;50px|0|50px|0&#8243; animation_style=&#8220;slide&#8220; transparent_background=&#8220;off&#8220; padding_mobile=&#8220;off&#8220;][et_pb_fullwidth_slider _builder_version=&#8220;3.18.7&#8243; header_font=&#8220;|700|||||||&#8220; parallax=&#8220;on&#8220; parallax_method=&#8220;on&#8220; custom_button=&#8220;on&#8220; button_bg_color=&#8220;rgba(0,0,0,0.32)&#8220; box_shadow_style=&#8220;preset6&#8243; box_shadow_blur=&#8220;10px&#8220; box_shadow_color=&#8220;rgba(0,0,0,0.1)&#8220; max_width=&#8220;90%&#8220; module_alignment=&#8220;center&#8220; custom_padding=&#8220;30%||30%|&#8220; custom_padding_tablet=&#8220;|||&#8220; auto=&#8220;on&#8220; hover_transition_delay=&#8220;50ms&#8220; hover_transition_speed_curve=&#8220;linear&#8220; top_padding=&#8220;30%&#8220; bottom_padding=&#8220;30%&#8220; remove_inner_shadow=&#8220;off&#8220; hide_content_on_mobile=&#8220;off&#8220; hide_cta_on_mobile=&#8220;off&#8220; show_inner_shadow=&#8220;on&#8220; button_letter_spacing_hover=&#8220;0&#8243; button_text_size__hover_enabled=&#8220;off&#8220; button_text_size__hover=&#8220;null&#8220; button_one_text_size__hover_enabled=&#8220;off&#8220; button_one_text_size__hover=&#8220;null&#8220; button_two_text_size__hover_enabled=&#8220;off&#8220; button_two_text_size__hover=&#8220;null&#8220; button_text_color__hover_enabled=&#8220;off&#8220; button_text_color__hover=&#8220;null&#8220; button_one_text_color__hover_enabled=&#8220;off&#8220; button_one_text_color__hover=&#8220;null&#8220; button_two_text_color__hover_enabled=&#8220;off&#8220; button_two_text_color__hover=&#8220;null&#8220; button_border_width__hover_enabled=&#8220;off&#8220; button_border_width__hover=&#8220;null&#8220; button_one_border_width__hover_enabled=&#8220;off&#8220; button_one_border_width__hover=&#8220;null&#8220; button_two_border_width__hover_enabled=&#8220;off&#8220; button_two_border_width__hover=&#8220;null&#8220; button_border_color__hover_enabled=&#8220;off&#8220; button_border_color__hover=&#8220;null&#8220; button_one_border_color__hover_enabled=&#8220;off&#8220; button_one_border_color__hover=&#8220;null&#8220; button_two_border_color__hover_enabled=&#8220;off&#8220; button_two_border_color__hover=&#8220;null&#8220; button_border_radius__hover_enabled=&#8220;off&#8220; button_border_radius__hover=&#8220;null&#8220; button_one_border_radius__hover_enabled=&#8220;off&#8220; button_one_border_radius__hover=&#8220;null&#8220; button_two_border_radius__hover_enabled=&#8220;off&#8220; button_two_border_radius__hover=&#8220;null&#8220; button_letter_spacing__hover_enabled=&#8220;on&#8220; button_letter_spacing__hover=&#8220;0&#8243; button_one_letter_spacing__hover_enabled=&#8220;off&#8220; button_one_letter_spacing__hover=&#8220;null&#8220; button_two_letter_spacing__hover_enabled=&#8220;off&#8220; button_two_letter_spacing__hover=&#8220;null&#8220; button_bg_color__hover_enabled=&#8220;off&#8220; button_bg_color__hover=&#8220;null&#8220; button_one_bg_color__hover_enabled=&#8220;off&#8220; button_one_bg_color__hover=&#8220;null&#8220; button_two_bg_color__hover_enabled=&#8220;off&#8220; button_two_bg_color__hover=&#8220;null&#8220;][et_pb_slide heading=&#8220;Metallbau Eder&#8220; use_bg_overlay=&#8220;off&#8220; use_text_overlay=&#8220;off&#8220; _builder_version=&#8220;3.18.7&#8243; header_font=&#8220;||||||||&#8220; header_text_shadow_style=&#8220;preset4&#8243; body_font_size=&#8220;24&#8243; body_font_size_tablet=&#8220;24&#8243; body_font_size_phone=&#8220;24&#8243; background_image=&#8220;http:\/\/metallbau-eder.com\/wp-content\/uploads\/2018\/12\/IMG_1755.jpg&#8220; button_on_hover=&#8220;on&#8220; text_shadow_style=&#8220;preset5&#8243;]<\/p>\n<p style=\"text-align: center;\">Ihr zuverl\u00e4ssiger Ansprechpartner aus der Region<\/p>\n<p>[\/et_pb_slide][et_pb_slide heading=&#8220;Metallbau Eder &#8220; button_link=&#8220;#start&#8220; use_bg_overlay=&#8220;off&#8220; use_text_overlay=&#8220;off&#8220; _builder_version=&#8220;3.18.7&#8243; header_font=&#8220;||||||||&#8220; header_text_shadow_style=&#8220;preset4&#8243; body_font_size=&#8220;24&#8243; body_font_size_tablet=&#8220;24&#8243; body_font_size_phone=&#8220;24&#8243; body_font_size_last_edited=&#8220;on|&#8220; background_color=&#8220;#ffffff&#8220; background_image=&#8220;http:\/\/metallbau-eder.com\/wp-content\/uploads\/2018\/12\/21122015-027.jpg&#8220; background_position=&#8220;top_left&#8220; background_repeat=&#8220;repeat-x&#8220; text_shadow_style=&#8220;preset5&#8243; button_text_size__hover_enabled=&#8220;off&#8220; button_one_text_size__hover_enabled=&#8220;off&#8220; button_two_text_size__hover_enabled=&#8220;off&#8220; button_text_color__hover_enabled=&#8220;off&#8220; button_one_text_color__hover_enabled=&#8220;off&#8220; button_two_text_color__hover_enabled=&#8220;off&#8220; button_border_width__hover_enabled=&#8220;off&#8220; button_one_border_width__hover_enabled=&#8220;off&#8220; button_two_border_width__hover_enabled=&#8220;off&#8220; button_border_color__hover_enabled=&#8220;off&#8220; button_one_border_color__hover_enabled=&#8220;off&#8220; button_two_border_color__hover_enabled=&#8220;off&#8220; button_border_radius__hover_enabled=&#8220;off&#8220; button_one_border_radius__hover_enabled=&#8220;off&#8220; button_two_border_radius__hover_enabled=&#8220;off&#8220; button_letter_spacing__hover_enabled=&#8220;off&#8220; button_one_letter_spacing__hover_enabled=&#8220;off&#8220; button_two_letter_spacing__hover_enabled=&#8220;off&#8220; button_bg_color__hover_enabled=&#8220;off&#8220; button_one_bg_color__hover_enabled=&#8220;off&#8220; button_two_bg_color__hover_enabled=&#8220;off&#8220;]<\/p>\n<p style=\"text-align: center;\">Ihr zuverl\u00e4ssiger Ansprechpartner aus der Region<\/p>\n<p>[\/et_pb_slide][et_pb_slide heading=&#8220;Metallbau Eder &#8220; use_bg_overlay=&#8220;off&#8220; use_text_overlay=&#8220;off&#8220; _builder_version=&#8220;3.18.7&#8243; header_text_shadow_style=&#8220;preset4&#8243; body_font_size=&#8220;24&#8243; body_font_size_tablet=&#8220;24&#8243; body_font_size_phone=&#8220;24&#8243; background_image=&#8220;http:\/\/metallbau-eder.com\/wp-content\/uploads\/2018\/12\/20160625_133853.jpg&#8220; button_on_hover=&#8220;on&#8220; text_shadow_style=&#8220;preset5&#8243;]<\/p>\n<p style=\"text-align: center;\">Ihr zuverl\u00e4ssiger Ansprechpartner aus der Region<\/p>\n<p>[\/et_pb_slide][\/et_pb_fullwidth_slider][\/et_pb_section][et_pb_section fb_built=&#8220;1&#8243; _builder_version=&#8220;3.0.47&#8243;][et_pb_row make_equal=&#8220;on&#8220; _builder_version=&#8220;3.18.7&#8243; background_size=&#8220;initial&#8220; background_position=&#8220;top_left&#8220; background_repeat=&#8220;repeat&#8220; module_alignment=&#8220;center&#8220;][et_pb_column type=&#8220;1_3&#8243; _builder_version=&#8220;3.0.47&#8243; parallax=&#8220;off&#8220; parallax_method=&#8220;on&#8220;][et_pb_image src=&#8220;http:\/\/metallbau-eder.com\/wp-content\/uploads\/2019\/01\/IMG_4645.jpg&#8220; align=&#8220;center&#8220; _builder_version=&#8220;3.18.7&#8243; max_width=&#8220;84%&#8220;]<br \/>\n[\/et_pb_image][et_pb_text _builder_version=&#8220;3.18.7&#8243; text_font=&#8220;||||||||&#8220; header_text_align=&#8220;center&#8220; inline_fonts=&#8220;Times New Roman&#8220;]<\/p>\n<p style=\"text-align: center;\"><span style=\"font-family: Times New Roman; font-size: large; font-weight: normal;\">Bei uns sind Sie richtig, bei s\u00e4mtlichen W\u00fcnschen aus Metall, angefangen von Gel\u00e4ndern, Balkonen, Schmiedearbeiten bis hin zur Spezialanfertigungen f\u00fcr Industrie und Landwirtschaft. Oder suchen Sie nach einem neuen Einfahrtstor bzw. Garagentor, von der Planung bis hin zur fachgerechten Montage (Service) sind Sie bei uns an der richtigen Stelle.<\/span><\/p>\n<p>[\/et_pb_text][\/et_pb_column][et_pb_column type=&#8220;1_3&#8243; _builder_version=&#8220;3.0.47&#8243; parallax=&#8220;off&#8220; parallax_method=&#8220;on&#8220;][et_pb_image src=&#8220;http:\/\/metallbau-eder.com\/wp-content\/uploads\/2018\/12\/3D-Visualisierung.png&#8220; align=&#8220;center&#8220; _builder_version=&#8220;3.18.7&#8243;]<br \/>\n[\/et_pb_image][et_pb_text _builder_version=&#8220;3.18.7&#8243; inline_fonts=&#8220;Georgia,Times New Roman&#8220;]<\/p>\n<p style=\"text-align: center;\"><span style=\"font-family: Times New Roman; font-size: large; font-weight: normal;\">Traditionelles Handwerk kombiniert mit modernen innovativen Fertigungsverfahren. Wir begleiten Sie von Ihrer ersten Idee bis zur Fertigstellung Ihres Wunsches. <\/span><span style=\"font-family: Times New Roman; font-size: large; font-weight: normal;\">Gerne erstellen wir Ihnen eine detaillierte 3D-Visualisierung Ihres Auftrages. Damit ist Ihr Auftrag bereits zum Greifen nahe.<\/span><\/p>\n<p>[\/et_pb_text][\/et_pb_column][et_pb_column type=&#8220;1_3&#8243; _builder_version=&#8220;3.0.47&#8243; parallax=&#8220;off&#8220; parallax_method=&#8220;on&#8220;][et_pb_image src=&#8220;http:\/\/metallbau-eder.com\/wp-content\/uploads\/2019\/04\/Pr\u00e4sentation1.jpg&#8220; align=&#8220;center&#8220; _builder_version=&#8220;3.18.7&#8243;]<br \/>\n[\/et_pb_image][et_pb_text _builder_version=&#8220;3.18.7&#8243; inline_fonts=&#8220;Times New Roman&#8220;]<\/p>\n<p style=\"text-align: center;\"><span style=\"font-family: Times New Roman; font-size: large; font-weight: normal;\">Qualifizierte Mitarbeiter,\u00a0zeitgem\u00e4\u00dfe Fertigungsverfahren sowie eine hoch-wertige Ausstattung der Werkstatt sind unsere Grundvoraussetzungen f\u00fcr unsere hohe und gleichbleibende Qualit\u00e4t. Gerne beraten wir Sie umfassend &#8211; Besuchen Sie uns in unseren R\u00e4umen und lassen Sie sich von unseren Mustern \u00fcberzeugen.<\/span><\/p>\n<p>[\/et_pb_text][\/et_pb_column][\/et_pb_row][\/et_pb_section]<\/p>\n","protected":false},"excerpt":{"rendered":"<p>[et_pb_section fb_built=&#8220;1&#8243; fullwidth=&#8220;on&#8220; custom_padding_last_edited=&#8220;on|desktop&#8220; _builder_version=&#8220;3.18.7&#8243; max_width=&#8220;90%&#8220; module_alignment=&#8220;center&#8220; custom_padding_tablet=&#8220;50px|0|50px|0&#8243; animation_style=&#8220;slide&#8220; transparent_background=&#8220;off&#8220; padding_mobile=&#8220;off&#8220;][et_pb_fullwidth_slider _builder_version=&#8220;3.18.7&#8243; header_font=&#8220;|700|||||||&#8220; parallax=&#8220;on&#8220; parallax_method=&#8220;on&#8220; custom_button=&#8220;on&#8220; button_bg_color=&#8220;rgba(0,0,0,0.32)&#8220; box_shadow_style=&#8220;preset6&#8243; box_shadow_blur=&#8220;10px&#8220; box_shadow_color=&#8220;rgba(0,0,0,0.1)&#8220; max_width=&#8220;90%&#8220; module_alignment=&#8220;center&#8220; custom_padding=&#8220;30%||30%|&#8220; custom_padding_tablet=&#8220;|||&#8220; auto=&#8220;on&#8220; hover_transition_delay=&#8220;50ms&#8220; hover_transition_speed_curve=&#8220;linear&#8220; top_padding=&#8220;30%&#8220; bottom_padding=&#8220;30%&#8220; remove_inner_shadow=&#8220;off&#8220; hide_content_on_mobile=&#8220;off&#8220; hide_cta_on_mobile=&#8220;off&#8220; show_inner_shadow=&#8220;on&#8220; button_letter_spacing_hover=&#8220;0&#8243; button_text_size__hover_enabled=&#8220;off&#8220; button_text_size__hover=&#8220;null&#8220; button_one_text_size__hover_enabled=&#8220;off&#8220; button_one_text_size__hover=&#8220;null&#8220; button_two_text_size__hover_enabled=&#8220;off&#8220; button_two_text_size__hover=&#8220;null&#8220; button_text_color__hover_enabled=&#8220;off&#8220; button_text_color__hover=&#8220;null&#8220; button_one_text_color__hover_enabled=&#8220;off&#8220; button_one_text_color__hover=&#8220;null&#8220; button_two_text_color__hover_enabled=&#8220;off&#8220; button_two_text_color__hover=&#8220;null&#8220; button_border_width__hover_enabled=&#8220;off&#8220; button_border_width__hover=&#8220;null&#8220; button_one_border_width__hover_enabled=&#8220;off&#8220; button_one_border_width__hover=&#8220;null&#8220; button_two_border_width__hover_enabled=&#8220;off&#8220; button_two_border_width__hover=&#8220;null&#8220; button_border_color__hover_enabled=&#8220;off&#8220; button_border_color__hover=&#8220;null&#8220; button_one_border_color__hover_enabled=&#8220;off&#8220; [&hellip;]<\/p>\n","protected":false},"author":1,"featured_media":0,"parent":0,"menu_order":0,"comment_status":"closed","ping_status":"closed","template":"","meta":{"_et_pb_use_builder":"on","_et_pb_old_content":"","footnotes":""},"class_list":["post-1160","page","type-page","status-publish","hentry"],"_links":{"self":[{"href":"https:\/\/metallbau-eder.com\/index.php?rest_route=\/wp\/v2\/pages\/1160","targetHints":{"allow":["GET"]}}],"collection":[{"href":"https:\/\/metallbau-eder.com\/index.php?rest_route=\/wp\/v2\/pages"}],"about":[{"href":"https:\/\/metallbau-eder.com\/index.php?rest_route=\/wp\/v2\/types\/page"}],"author":[{"embeddable":true,"href":"https:\/\/metallbau-eder.com\/index.php?rest_route=\/wp\/v2\/users\/1"}],"replies":[{"embeddable":true,"href":"https:\/\/metallbau-eder.com\/index.php?rest_route=%2Fwp%2Fv2%2Fcomments&post=1160"}],"version-history":[{"count":76,"href":"https:\/\/metallbau-eder.com\/index.php?rest_route=\/wp\/v2\/pages\/1160\/revisions"}],"predecessor-version":[{"id":1657,"href":"https:\/\/metallbau-eder.com\/index.php?rest_route=\/wp\/v2\/pages\/1160\/revisions\/1657"}],"wp:attachment":[{"href":"https:\/\/metallbau-eder.com\/index.php?rest_route=%2Fwp%2Fv2%2Fmedia&parent=1160"}],"curies":[{"name":"wp","href":"https:\/\/api.w.org\/{rel}","templated":true}]}}