{"id":53,"date":"2018-12-27T13:43:47","date_gmt":"2018-12-27T12:43:47","guid":{"rendered":"http:\/\/metallbau-eder.com\/?page_id=53"},"modified":"2019-08-01T14:11:30","modified_gmt":"2019-08-01T13:11:30","slug":"unternehmen","status":"publish","type":"page","link":"https:\/\/metallbau-eder.com\/?page_id=53","title":{"rendered":"Unternehmen"},"content":{"rendered":"<p>[et_pb_section fb_built=&#8220;1&#8243; admin_label=&#8220;section&#8220; _builder_version=&#8220;3.18.7&#8243;][et_pb_row _builder_version=&#8220;3.18.7&#8243;][et_pb_column type=&#8220;4_4&#8243; _builder_version=&#8220;3.0.47&#8243; parallax=&#8220;off&#8220; parallax_method=&#8220;on&#8220;][et_pb_blurb title=&#8220;Lokal &#8211; Pers\u00f6nlich &#8211; Kompetent&#8220; image=&#8220;http:\/\/metallbau-eder.com\/wp-content\/uploads\/2019\/04\/Pr\u00e4sentation1.jpg&#8220; content_max_width=&#8220;800px&#8220; _builder_version=&#8220;3.18.7&#8243; header_level=&#8220;h2&#8243; header_font=&#8220;|||||on|||&#8220; text_orientation=&#8220;center&#8220;]<\/p>\n<p style=\"text-align: center;\"><span style=\"font-family: Times New Roman; font-size: large; font-weight: normal;\">Traditionelles Handwerk trifft auf moderne Planungs- und Fertigungsmethoden.<br \/><\/span><\/p>\n<p style=\"text-align: center;\"><span style=\"font-family: Times New Roman; font-size: large; font-weight: normal;\">Das Team rund um den Firmeninhaber Christian Eder begleitet die Kunden von der ersten Idee bis zu termin- und fachgerechten Erbringung der Leistung. Hierf\u00fcr stehen Ihnen hoch qualifizierte Mitarbeiter zur Verf\u00fcgung, vom Metallbaugesellen \u00fcber einen Handwerksmeister bis zum Schwei\u00dffachmann (DVS).<br \/><\/span><\/p>\n<p style=\"text-align: center;\"><span style=\"font-family: Times New Roman; font-size: large; font-weight: normal;\">Um unseren Qualit\u00e4tsanspruch gerecht zu werden, setzen wir auf einen hochmodernen Maschinen- und Fertigungspark und verarbeiten ausschlie\u00dflich Qualit\u00e4tsprodukte.<br \/><\/span><\/p>\n<p>[\/et_pb_blurb][\/et_pb_column][\/et_pb_row][\/et_pb_section]<\/p>\n","protected":false},"excerpt":{"rendered":"<p>[et_pb_section fb_built=&#8220;1&#8243; admin_label=&#8220;section&#8220; _builder_version=&#8220;3.18.7&#8243;][et_pb_row _builder_version=&#8220;3.18.7&#8243;][et_pb_column type=&#8220;4_4&#8243; _builder_version=&#8220;3.0.47&#8243; parallax=&#8220;off&#8220; parallax_method=&#8220;on&#8220;][et_pb_blurb title=&#8220;Lokal &#8211; Pers\u00f6nlich &#8211; Kompetent&#8220; image=&#8220;http:\/\/metallbau-eder.com\/wp-content\/uploads\/2019\/04\/Pr\u00e4sentation1.jpg&#8220; content_max_width=&#8220;800px&#8220; _builder_version=&#8220;3.18.7&#8243; header_level=&#8220;h2&#8243; header_font=&#8220;|||||on|||&#8220; text_orientation=&#8220;center&#8220;] Traditionelles Handwerk trifft auf moderne Planungs- und Fertigungsmethoden. Das Team rund um den Firmeninhaber Christian Eder begleitet die Kunden von der ersten Idee bis zu termin- und fachgerechten Erbringung der Leistung. Hierf\u00fcr stehen Ihnen hoch [&hellip;]<\/p>\n","protected":false},"author":1,"featured_media":0,"parent":0,"menu_order":0,"comment_status":"closed","ping_status":"closed","template":"","meta":{"_et_pb_use_builder":"on","_et_pb_old_content":"<!-- wp:paragraph -->\r\n<p>Gegr\u00fcndet...<\/p>\r\n<!-- \/wp:paragraph -->\r\n\r\n<!-- wp:paragraph -->\r\n<p>x<\/p>\r\n<!-- \/wp:paragraph -->\r\n\r\n<!-- wp:paragraph -->\r\n<p>xxxx<\/p>\r\n<!-- \/wp:paragraph -->\r\n\r\n<!-- wp:paragraph -->\r\n<p>\u00a0<\/p>\r\n<!-- \/wp:paragraph -->\r\n\r\n<!-- wp:paragraph -->\r\n<p>\u00a0<\/p>\r\n<!-- \/wp:paragraph -->\r\n\r\n<!-- wp:paragraph -->\r\n<p>xxxx<\/p>\r\n<!-- \/wp:paragraph -->\r\n\r\n<!-- wp:paragraph -->\r\n<p>\u00a0<\/p>\r\n<!-- \/wp:paragraph -->\r\n\r\n<!-- wp:paragraph -->\r\n<p>Produktionsmaschine<\/p>\r\n<!-- \/wp:paragraph -->\r\n\r\n<!-- wp:paragraph -->\r\n<p>3D Visualisierung<\/p>\r\n<!-- \/wp:paragraph -->","footnotes":""},"class_list":["post-53","page","type-page","status-publish","hentry"],"_links":{"self":[{"href":"https:\/\/metallbau-eder.com\/index.php?rest_route=\/wp\/v2\/pages\/53","targetHints":{"allow":["GET"]}}],"collection":[{"href":"https:\/\/metallbau-eder.com\/index.php?rest_route=\/wp\/v2\/pages"}],"about":[{"href":"https:\/\/metallbau-eder.com\/index.php?rest_route=\/wp\/v2\/types\/page"}],"author":[{"embeddable":true,"href":"https:\/\/metallbau-eder.com\/index.php?rest_route=\/wp\/v2\/users\/1"}],"replies":[{"embeddable":true,"href":"https:\/\/metallbau-eder.com\/index.php?rest_route=%2Fwp%2Fv2%2Fcomments&post=53"}],"version-history":[{"count":19,"href":"https:\/\/metallbau-eder.com\/index.php?rest_route=\/wp\/v2\/pages\/53\/revisions"}],"predecessor-version":[{"id":1626,"href":"https:\/\/metallbau-eder.com\/index.php?rest_route=\/wp\/v2\/pages\/53\/revisions\/1626"}],"wp:attachment":[{"href":"https:\/\/metallbau-eder.com\/index.php?rest_route=%2Fwp%2Fv2%2Fmedia&parent=53"}],"curies":[{"name":"wp","href":"https:\/\/api.w.org\/{rel}","templated":true}]}}